{"id":6093,"date":"2026-04-16T11:48:43","date_gmt":"2026-04-16T10:48:43","guid":{"rendered":"https:\/\/zabalimp.es\/?page_id=6093"},"modified":"2026-04-20T16:37:22","modified_gmt":"2026-04-20T15:37:22","slug":"politica-de-cookies","status":"publish","type":"page","link":"https:\/\/zabalimp.es\/eu\/politica-de-cookies\/","title":{"rendered":"POLITICA DE COOKIES"},"content":{"rendered":"<h2 class=\"wp-block-heading\"><\/h2>\n\n\n\n<p>Le informa que nuestra p\u00e1gina web utiliza cookies propias y de terceros para medir y analizar la navegaci\u00f3n de usuarios e informarle de nuestros productos y servicios<\/p>\n\n\n\n<p>Las <em>cookies<\/em> constituyen procedimientos autom\u00e1ticos de recogida de informaci\u00f3n relativa a las preferencias determinadas por un usuario de Internet durante su visita a un determinado sitio web con el fin de reconocerlo como usuario recurrente y personalizar su uso y facilitar una navegaci\u00f3n m\u00e1s r\u00e1pida.<\/p>\n\n\n\n<p>El usuario puede configurar su navegador para aceptar o rechazar por defecto todas las <em>cookies<\/em> o para recibir un aviso en pantalla de la recepci\u00f3n de cada <em>cookie<\/em> y decidir en ese momento su implantaci\u00f3n o no en su disco duro. Los procedimientos para el bloqueo y eliminaci\u00f3n de las <em>cookies<\/em> pueden diferir de un navegador de Internet a otro, por lo que el usuario deber\u00e1 acudir a las instrucciones facilitadas por el navegador de Internet. En caso de que el usuario desee rechazar la utilizaci\u00f3n de <em>cookies<\/em>, puede tener limitado el uso de algunas de las prestaciones.<\/p>\n\n\n\n<p>A continuaci\u00f3n, se realiza una clasificaci\u00f3n de las cookies en funci\u00f3n de una serie de categor\u00edas. <\/p>\n\n\n\n<p><strong>I.- Seg\u00fan la entidad que las gestione:<\/strong><\/p>\n\n\n\n<p>Propias: se env\u00edan al equipo terminal del usuario desde un equipo o dominio gestionado por el propio editor y desde el que se presta el servicio solicitado por el usuario.<\/p>\n\n\n\n<p>De terceros: se env\u00edan al equipo terminal del usuario desde un equipo o dominio que no es gestionado por el editor sino por otra entidad que trata los datos obtenidos trav\u00e9s de las cookies.<\/p>\n\n\n\n<p><strong>II.- Seg\u00fan el plazo de tiempo que permanecen activadas:<\/strong><\/p>\n\n\n\n<p>De sesi\u00f3n: recaban y almacenan datos mientras el usuario accede a una p\u00e1gina web.<\/p>\n\n\n\n<p>Persistentes: los datos siguen almacenados en el terminal y pueden ser accedidos y tratados durante un periodo definido por el responsable de la cookie.<\/p>\n\n\n\n<p><strong>III.- Seg\u00fan su finalidad:<\/strong><\/p>\n\n\n\n<p>T\u00e9cnicas: permiten al usuario la navegaci\u00f3n a trav\u00e9s de una p\u00e1gina web, plataforma o aplicaci\u00f3n y la utilizaci\u00f3n de las diferentes opciones o servicios que en ella existan como, por ejemplo, controlar el tr\u00e1fico y la comunicaci\u00f3n de datos, identificar la sesi\u00f3n, acceder a partes de acceso restringido, recordar los elementos que integran un pedido, realizar el proceso de compra de un pedido, realizar la solicitud de inscripci\u00f3n o participaci\u00f3n en un evento, utilizar elementos de seguridad durante la navegaci\u00f3n, almacenar contenidos para la difusi\u00f3n de videos o sonido o compartir contenidos a trav\u00e9s de redes sociales.<\/p>\n\n\n\n<p>De personalizaci\u00f3n: permiten al usuario acceder al servicio con algunas caracter\u00edsticas de car\u00e1cter general predefinidas en funci\u00f3n de una serie de criterios en el terminal del usuario como, por ejemplo, el idioma, el tipo de navegador a trav\u00e9s del cual accede al servicio, la configuraci\u00f3n regional desde donde accede al servicio, etc.<\/p>\n\n\n\n<p>De an\u00e1lisis: permiten el seguimiento y an\u00e1lisis del comportamiento de los usuarios de los sitios web a los que est\u00e1n vinculadas (por ejemplo, en la medici\u00f3n de la actividad de los sitios web, elaboraci\u00f3n de perfiles de navegaci\u00f3n de los usuarios de dichos sitios con el fin de introducir mejoras en funci\u00f3n del an\u00e1lisis de los datos de uso que hacen los usuarios del servicio).<\/p>\n\n\n\n<p>Publicitarias: permiten la gesti\u00f3n de los espacios publicitarios incluidos en una p\u00e1gina web en base a criterios como el contenido editado o la frecuencia en la que se muestran los anuncios.<\/p>\n\n\n\n<p>Publicidad comportamental: permiten la gesti\u00f3n de los espacios publicitarios incluidos en una p\u00e1gina web y almacenan informaci\u00f3n del comportamiento de los usuarios obtenida a trav\u00e9s de la observaci\u00f3n continuada de sus h\u00e1bitos de navegaci\u00f3n, lo que permite desarrollar un perfil espec\u00edfico para mostrar publicidad en funci\u00f3n del mismo.<\/p>\n\n\n\n<p>En la p\u00e1gina web de ZABALIMP.EUS, se utilizan los siguientes <strong>tipos de cookies<\/strong>:<\/p>\n\n\n\n<p>Propias: se env\u00edan al equipo terminal del usuario desde un equipo o dominio gestionado por el propio editor y desde el que se presta el servicio solicitado por el usuario.<\/p>\n\n\n\n<p>De terceros: se env\u00edan al equipo terminal del usuario desde un equipo o dominio que no es gestionado por el editor sino por otra entidad que trata los datos obtenidos trav\u00e9s de las cookies.<\/p>\n\n\n\n<p>De sesi\u00f3n: recaban y almacenan datos mientras el usuario accede a una p\u00e1gina web.<\/p>\n\n\n\n<p>Persistentes: los datos siguen almacenados en el terminal y pueden ser accedidos y tratados durante un periodo definido por el responsable de la cookie.<\/p>\n\n\n\n<p>T\u00e9cnicas: permiten al usuario la navegaci\u00f3n a trav\u00e9s de una p\u00e1gina web, plataforma o aplicaci\u00f3n y la utilizaci\u00f3n de las diferentes opciones o servicios que en ella existan como, por ejemplo, controlar el tr\u00e1fico y la comunicaci\u00f3n de datos, identificar la sesi\u00f3n, acceder a partes de acceso restringido, recordar los elementos que integran un pedido, realizar el proceso de compra de un pedido, realizar la solicitud de inscripci\u00f3n o participaci\u00f3n en un evento, utilizar elementos de seguridad durante la navegaci\u00f3n, almacenar contenidos para la difusi\u00f3n de videos o sonido o compartir contenidos a trav\u00e9s de redes sociales.<\/p>\n\n\n\n<p>De an\u00e1lisis: permiten el seguimiento y an\u00e1lisis del comportamiento de los usuarios de los sitios web a los que est\u00e1n vinculadas (por ejemplo, en la medici\u00f3n de la actividad de los sitios web, elaboraci\u00f3n de perfiles de navegaci\u00f3n de los usuarios de dichos sitios con el fin de introducir mejoras en funci\u00f3n del an\u00e1lisis de los datos de uso que hacen los usuarios del servicio).Esta informaci\u00f3n la utilizamos para mejorar nuestras p\u00e1ginas, detectar nuevas necesidades y valorar las mejoras a introducir con la finalidad de prestar un mejor servicio a los usuarios que nos visitan adapt\u00e1ndolas por ejemplo a los navegadores o terminales m\u00e1s utilizados. Para permitir, conocer, bloquear o eliminar las cookies instaladas en tu equipo puedes hacerlo mediante la configuraci\u00f3n de las opciones del navegador instalado en su ordenador. Por ejemplo Vd. puede encontrar informaci\u00f3n sobre c\u00f3mo hacerlo como hacerlo en el caso que uses como navegador:<\/p>\n\n\n\n<p>Explorer: http:\/\/windows.microsoft.com\/es-es\/windows7\/how-to-manage-cookies-in-internet-explorer-9<\/p>\n\n\n\n<p>Chrome: http:\/\/support.google.com\/chrome\/bin\/answer.py?hl=es&amp;answer=95647<\/p>\n\n\n\n<p>Safari: http:\/\/support.apple.com\/kb\/ph5042<\/p>\n\n\n\n<p>Firefox: http:\/\/support.mozilla.org\/es\/kb\/habilitar-y-deshabilitar-cookies-que-los-sitios-we<\/p>\n\n\n\n<p>Si quieres m\u00e1s informaci\u00f3n sobre qu\u00e9 uso hacemos de las cookies, env\u00edanos un e-mail a administracion@zabalimp.eus<\/p>\n\n\n\n<p><\/p>","protected":false},"excerpt":{"rendered":"<p>Le informa que nuestra p\u00e1gina web utiliza cookies propias y de terceros para medir y analizar la navegaci\u00f3n de usuarios e informarle de nuestros productos y servicios Las cookies constituyen procedimientos autom\u00e1ticos de recogida de informaci\u00f3n relativa a las preferencias determinadas por un usuario de Internet durante su visita a un determinado sitio web con [&hellip;]<\/p>","protected":false},"author":1,"featured_media":0,"parent":0,"menu_order":0,"comment_status":"closed","ping_status":"closed","template":"","meta":{"footnotes":""},"class_list":["post-6093","page","type-page","status-publish","hentry"],"_links":{"self":[{"href":"https:\/\/zabalimp.es\/eu\/wp-json\/wp\/v2\/pages\/6093","targetHints":{"allow":["GET"]}}],"collection":[{"href":"https:\/\/zabalimp.es\/eu\/wp-json\/wp\/v2\/pages"}],"about":[{"href":"https:\/\/zabalimp.es\/eu\/wp-json\/wp\/v2\/types\/page"}],"author":[{"embeddable":true,"href":"https:\/\/zabalimp.es\/eu\/wp-json\/wp\/v2\/users\/1"}],"replies":[{"embeddable":true,"href":"https:\/\/zabalimp.es\/eu\/wp-json\/wp\/v2\/comments?post=6093"}],"version-history":[{"count":6,"href":"https:\/\/zabalimp.es\/eu\/wp-json\/wp\/v2\/pages\/6093\/revisions"}],"predecessor-version":[{"id":6134,"href":"https:\/\/zabalimp.es\/eu\/wp-json\/wp\/v2\/pages\/6093\/revisions\/6134"}],"wp:attachment":[{"href":"https:\/\/zabalimp.es\/eu\/wp-json\/wp\/v2\/media?parent=6093"}],"curies":[{"name":"wp","href":"https:\/\/api.w.org\/{rel}","templated":true}]}}